{"id":2484,"date":"2026-04-10T10:23:18","date_gmt":"2026-04-10T08:23:18","guid":{"rendered":"https:\/\/rcf.egliseenvendee.fr\/?page_id=2484"},"modified":"2026-04-10T10:25:17","modified_gmt":"2026-04-10T08:25:17","slug":"2484-2","status":"publish","type":"page","link":"https:\/\/rcf.egliseenvendee.fr\/","title":{"rendered":""},"content":{"rendered":"<div class=\"et_pb_section_0 et_pb_section et_section_regular et_flex_section\">\n<div class=\"et_pb_row_0 et_pb_row et_flex_row\">\n<div class=\"et_pb_column_0 et_pb_column et-last-child et_flex_column et_pb_css_mix_blend_mode_passthrough et_flex_column_24_24\">\n<div class=\"et_pb_code_0 et_pb_code et_pb_module\"><div class=\"et_pb_code_inner\">        <section class=\"rcf-tv-screen\">\r\n            <header class=\"rcf-tv-header\">\r\n                <div class=\"rcf-brand\">\r\n                    <img decoding=\"async\" class=\"rcf-logo\" src=\"https:\/\/rcf.egliseenvendee.fr\/wp-content\/plugins\/ecran_accueil\/assets\/images\/logo-rcf-vendee.png\" alt=\"Logo RCF Vendee\" \/>\r\n                    <div>\r\n                        <h1>Bienvenue \u00e0 RCF Vend\u00e9e<\/h1>\r\n                        <p class=\"rcf-today\" data-live-date>Nous sommes le &#8212;<\/p>\r\n                    <\/div>\r\n                <\/div>\r\n                <div class=\"rcf-status\">\r\n                    <button type=\"button\" class=\"rcf-live-badge\" data-live-toggle aria-pressed=\"false\">\r\n                        <span class=\"rcf-live-dot\" data-live-dot aria-hidden=\"true\"><\/span>\r\n                        <span data-live-label>LANCER LE DIRECT<\/span>\r\n                    <\/button>\r\n                    <div class=\"rcf-time\" data-live-clock>&#8211;:&#8211;<\/div>\r\n                <\/div>\r\n            <\/header>\r\n\r\n                            <audio preload=\"none\" class=\"rcf-hidden-audio\" data-live-audio>\r\n                    <source src=\"http:\/\/rcf.streamakaci.com\/rcf85.mp3\">\r\n                    Votre navigateur ne supporte pas la lecture audio.\r\n                <\/audio>\r\n            \r\n            <div class=\"rcf-main-grid\">\r\n                <article class=\"rcf-card rcf-studios-card\">\r\n                    <h2>Dans nos studios<\/h2>\r\n                    <div class=\"rcf-studios-grid\">\r\n                        <section class=\"rcf-subcard\">\r\n                            <h3>Studio 1<\/h3>\r\n                            <ul class=\"rcf-list\"><li>08:00 | Studio 1 | Journal local<\/li><li>14:00 | Studio 1 | Culture et musique<\/li><\/ul>                        <\/section>\r\n                        <section class=\"rcf-subcard\">\r\n                            <h3>Studio 2<\/h3>\r\n                            <ul class=\"rcf-list\"><li>10:00 | Studio 2 | Magazine social<\/li><\/ul>                        <\/section>\r\n                    <\/div>\r\n                <\/article>\r\n\r\n                <article class=\"rcf-card rcf-program-column\">\r\n                    <section class=\"rcf-subcard rcf-current-card\">\r\n                        <h3>Emission en cours<\/h3>\r\n                                                    <div class=\"rcf-current-row\">\r\n                                                                    <div class=\"rcf-current-visual-wrap\">\r\n                                        <img decoding=\"async\" class=\"rcf-current-visual\" src=\"https:\/\/assets.radiorcf.com\/styles\/324x324\/assets\/2024-08\/A%20l%27%C3%A9cole%20de%20la%20pri%C3%A8re_0.jpg.webp\" alt=\"Visuel emission en cours\" \/>\r\n                                    <\/div>\r\n                                                                <div class=\"rcf-current-content\">\r\n                                    <p class=\"rcf-current-title\">\r\n                                        08:00 &#8211; \u00c0 l&#039;\u00e9cole de la pri\u00e8re                                    <\/p>\r\n                                                                            <p class=\"rcf-current-detail\">Les charismes : critiques et \u00e9cueils \u00e0 \u00e9viter<\/p>\r\n                                                                    <\/div>\r\n                            <\/div>\r\n                                            <\/section>\r\n\r\n                    <section class=\"rcf-subcard rcf-next-card\">\r\n                        <h3>Prochaines emissions<\/h3>\r\n                                                    <ul class=\"rcf-next-list\">\r\n                                                                    <li class=\"rcf-next-item\">\r\n                                        <div class=\"rcf-next-text\">\r\n                                            <p class=\"rcf-next-title\">\r\n                                                08:16 &#8211; Conna\u00eetre le juda\u00efsme                                            <\/p>\r\n                                                                                            <p class=\"rcf-next-detail\">Edgar Hilsenrath, \u00e9crivain de la Shoah ? (1\/2) Vie et \u0153uvre d&#039;Edgar Hilsenrath<\/p>\r\n                                                                                    <\/div>\r\n                                                                                    <img decoding=\"async\" class=\"rcf-next-thumb\" src=\"https:\/\/assets.radiorcf.com\/styles\/324x324\/assets\/2024-05\/Connaitre%20le%20juda%C3%AFsme%20%281%29.png.webp\" alt=\"Visuel emission\" \/>\r\n                                                                            <\/li>\r\n                                                                    <li class=\"rcf-next-item\">\r\n                                        <div class=\"rcf-next-text\">\r\n                                            <p class=\"rcf-next-title\">\r\n                                                08:31 &#8211; Cette ann\u00e9e dans l&#039;Histoire                                            <\/p>\r\n                                                                                            <p class=\"rcf-next-detail\">1930: Luchaire rencontre Abetz: de l&#039;amiti\u00e9 \u00e0 la collaboration avec C. Meletta<\/p>\r\n                                                                                    <\/div>\r\n                                                                                    <img decoding=\"async\" class=\"rcf-next-thumb\" src=\"https:\/\/assets.radiorcf.com\/styles\/324x324\/assets\/2023-10\/Cette%20ann%C3%A9e%20dans%20l%27Histoire%20%281%29.png.webp\" alt=\"Visuel emission\" \/>\r\n                                                                            <\/li>\r\n                                                                    <li class=\"rcf-next-item\">\r\n                                        <div class=\"rcf-next-text\">\r\n                                            <p class=\"rcf-next-title\">\r\n                                                08:46 &#8211; La Chronique de L&#039;\u0152uvre d&#039;Orient                                            <\/p>\r\n                                                                                            <p class=\"rcf-next-detail\">Etre aux c\u00f4t\u00e9s des Chr\u00e9tiens du Liban par Mgr Hugues de Woillemont<\/p>\r\n                                                                                    <\/div>\r\n                                                                                    <img decoding=\"async\" class=\"rcf-next-thumb\" src=\"https:\/\/assets.radiorcf.com\/styles\/324x324\/assets\/2025-08\/La%20chronique%20de%20l%27Oeuvre%20d%27Orient.png.webp\" alt=\"Visuel emission\" \/>\r\n                                                                            <\/li>\r\n                                                                    <li class=\"rcf-next-item\">\r\n                                        <div class=\"rcf-next-text\">\r\n                                            <p class=\"rcf-next-title\">\r\n                                                08:49 &#8211; Evangile et Vie                                            <\/p>\r\n                                                                                            <p class=\"rcf-next-detail\">&quot; Huit jours plus tard, J\u00e9sus vient &quot; (Jn 20, 19-31)<\/p>\r\n                                                                                    <\/div>\r\n                                                                                    <img decoding=\"async\" class=\"rcf-next-thumb\" src=\"https:\/\/media.rcf.fr\/sites\/default\/files\/styles\/324x324\/public\/2023-09\/Evangile%20et%20Vie.png.webp\" alt=\"Visuel emission\" \/>\r\n                                                                            <\/li>\r\n                                                                    <li class=\"rcf-next-item\">\r\n                                        <div class=\"rcf-next-text\">\r\n                                            <p class=\"rcf-next-title\">\r\n                                                08:56 &#8211; Le Saint du Jour                                            <\/p>\r\n                                                                                            <p class=\"rcf-next-detail\">Saint Jules Ier<\/p>\r\n                                                                                    <\/div>\r\n                                                                                    <img decoding=\"async\" class=\"rcf-next-thumb\" src=\"https:\/\/media.rcf.fr\/sites\/default\/files\/styles\/324x324\/public\/2023-08\/Le%20saint%20du%20jour%20%282%29.png.webp\" alt=\"Visuel emission\" \/>\r\n                                                                            <\/li>\r\n                                                            <\/ul>\r\n                                                <p class=\"rcf-source\">Source: RCF live<\/p>\r\n                    <\/section>\r\n                <\/article>\r\n            <\/div>\r\n\r\n            <div class=\"rcf-follow-row\">\r\n                <p class=\"rcf-follow-text\">Pour nous suivre&#8230;<\/p>\r\n                <div class=\"rcf-qr-list\">\r\n                                                                <div class=\"rcf-qr-item\">\r\n                            <div class=\"rcf-qr-frame\">\r\n                                <img decoding=\"async\" src=\"https:\/\/api.qrserver.com\/v1\/create-qr-code\/?size=160x160&#038;data=https%3A%2F%2Fwww.rcf.fr%2Ftelechargez-application-rcf-sur-votre-mobile\" alt=\"QR code App RCF\" class=\"rcf-qr-image\" \/>\r\n                                <span class=\"rcf-qr-badge rcf-qr-badge--app\">RCF<\/span>\r\n                            <\/div>\r\n                            <span>App RCF<\/span>\r\n                        <\/div>\r\n                                                                <div class=\"rcf-qr-item\">\r\n                            <div class=\"rcf-qr-frame\">\r\n                                <img decoding=\"async\" src=\"https:\/\/api.qrserver.com\/v1\/create-qr-code\/?size=160x160&#038;data=https%3A%2F%2Fwww.instagram.com%2Fradiorcf%2F\" alt=\"QR code Instagram\" class=\"rcf-qr-image\" \/>\r\n                                <span class=\"rcf-qr-badge rcf-qr-badge--instagram\">IG<\/span>\r\n                            <\/div>\r\n                            <span>Instagram<\/span>\r\n                        <\/div>\r\n                                                                <div class=\"rcf-qr-item\">\r\n                            <div class=\"rcf-qr-frame\">\r\n                                <img decoding=\"async\" src=\"https:\/\/api.qrserver.com\/v1\/create-qr-code\/?size=160x160&#038;data=https%3A%2F%2Fwww.facebook.com%2FRCFVendee\" alt=\"QR code Facebook\" class=\"rcf-qr-image\" \/>\r\n                                <span class=\"rcf-qr-badge rcf-qr-badge--facebook\">f<\/span>\r\n                            <\/div>\r\n                            <span>Facebook<\/span>\r\n                        <\/div>\r\n                                                                <div class=\"rcf-qr-item\">\r\n                            <div class=\"rcf-qr-frame\">\r\n                                <img decoding=\"async\" src=\"https:\/\/api.qrserver.com\/v1\/create-qr-code\/?size=160x160&#038;data=https%3A%2F%2Ffr.linkedin.com%2Fcompany%2Frcf-vend%25C3%25A9e85\" alt=\"QR code LinkedIn\" class=\"rcf-qr-image\" \/>\r\n                                <span class=\"rcf-qr-badge rcf-qr-badge--linkedin\">in<\/span>\r\n                            <\/div>\r\n                            <span>LinkedIn<\/span>\r\n                        <\/div>\r\n                                                                <div class=\"rcf-qr-item\">\r\n                            <div class=\"rcf-qr-frame\">\r\n                                <img decoding=\"async\" src=\"https:\/\/api.qrserver.com\/v1\/create-qr-code\/?size=160x160&#038;data=https%3A%2F%2Fwww.youtube.com%2Fresults%3Fsearch_query%3Drcf%2Bvendee\" alt=\"QR code YouTube\" class=\"rcf-qr-image\" \/>\r\n                                <span class=\"rcf-qr-badge rcf-qr-badge--youtube\" aria-hidden=\"true\"><\/span>\r\n                            <\/div>\r\n                            <span>YouTube<\/span>\r\n                        <\/div>\r\n                                    <\/div>\r\n            <\/div>\r\n\r\n        <\/section>\r\n        <\/div><\/div>\n<\/div>\n<\/div>\n<\/div>","protected":false},"excerpt":{"rendered":"","protected":false},"author":1,"featured_media":0,"parent":0,"menu_order":0,"comment_status":"closed","ping_status":"closed","template":"page-template-blank.php","meta":{"footnotes":""},"class_list":["post-2484","page","type-page","status-publish","hentry"],"_links":{"self":[{"href":"https:\/\/rcf.egliseenvendee.fr\/index.php\/wp-json\/wp\/v2\/pages\/2484","targetHints":{"allow":["GET"]}}],"collection":[{"href":"https:\/\/rcf.egliseenvendee.fr\/index.php\/wp-json\/wp\/v2\/pages"}],"about":[{"href":"https:\/\/rcf.egliseenvendee.fr\/index.php\/wp-json\/wp\/v2\/types\/page"}],"author":[{"embeddable":true,"href":"https:\/\/rcf.egliseenvendee.fr\/index.php\/wp-json\/wp\/v2\/users\/1"}],"replies":[{"embeddable":true,"href":"https:\/\/rcf.egliseenvendee.fr\/index.php\/wp-json\/wp\/v2\/comments?post=2484"}],"version-history":[{"count":3,"href":"https:\/\/rcf.egliseenvendee.fr\/index.php\/wp-json\/wp\/v2\/pages\/2484\/revisions"}],"predecessor-version":[{"id":2487,"href":"https:\/\/rcf.egliseenvendee.fr\/index.php\/wp-json\/wp\/v2\/pages\/2484\/revisions\/2487"}],"wp:attachment":[{"href":"https:\/\/rcf.egliseenvendee.fr\/index.php\/wp-json\/wp\/v2\/media?parent=2484"}],"curies":[{"name":"wp","href":"https:\/\/api.w.org\/{rel}","templated":true}]}}